{"id":2831,"date":"2022-06-03T15:53:30","date_gmt":"2022-06-03T12:53:30","guid":{"rendered":"http:\/\/mustafasaglamkanunlari.com\/?post_type=product&#038;p=2831"},"modified":"2026-03-02T14:23:27","modified_gmt":"2026-03-02T11:23:27","slug":"siyah-kanun","status":"publish","type":"product","link":"https:\/\/mustafasaglamkanunlari.com\/?product=siyah-kanun","title":{"rendered":"Yuvarlak \u0130\u015flemeli \u00c7\u0131nar Kanun"},"content":{"rendered":"<p>Kanun \u00e7\u0131nar a\u011fac\u0131ndan imal edilmi\u015ftir.<\/p>\n<p>Mandallar DKP sac \u00fczerine krom nikel kaplama yap\u0131larak imal edilmi\u015ftir (Kendi imalat\u0131m\u0131z).<\/p>\n<p>Burgular k\u0131z\u0131lc\u0131k a\u011fac\u0131ndan imal edilmi\u015ftir.<\/p>\n<p>Telleri y\u00fcksek kalite PVF&#8217;dir.<\/p>\n<p>Suni deri kullan\u0131larak imal edilmektedir. (Patlama ve y\u0131rt\u0131lmalara ka\u015f\u0131 daha diren\u00e7lidir)<\/p>\n<p>E\u015fiklerimiz ak\u00e7a a\u011fa\u00e7tan imal edilmi\u015ftir.<\/p>\n<p>Kanunlar\u0131m\u0131z \u00fcretim hatalar\u0131na kar\u015f\u0131 1 y\u0131l garantilidir.<\/p>\n<p>Kullan\u0131c\u0131 kaynakl\u0131 olu\u015fabilecek hasarlar \u00fccreti kar\u015f\u0131l\u0131\u011f\u0131nda at\u00f6lyelerimizde yap\u0131labilmektedir.<\/p>\n<p>Kanunlar\u0131m\u0131z y\u00fcz\u00fck, m\u0131zrap, akord anahtar\u0131 ve hard case ile fiyata dahil olarak g\u00f6nderilmektedir.<\/p>\n<p>\u00dcr\u00fcnlerimiz T\u00fcrkiye i\u00e7ine \u00fccretsiz olarak g\u00f6nderilmektedir.<\/p>\n<p>Yurtd\u0131\u015f\u0131 al\u0131mlarda DHL h\u0131zl\u0131 teslimat veya PTT ile art\u0131 kargo \u00fccreti olarak g\u00f6nderim yap\u0131lmaktad\u0131r.<\/p>\n<p>Fiyatlar\u0131m\u0131za KDV dahildir.<\/p>\n","protected":false},"excerpt":{"rendered":"<p><strong><em>Bu \u00fcr\u00fcn\u00fcn teslimat s\u00fcresi 5-7 g\u00fcnd\u00fcr.<\/em><\/strong><\/p>\n","protected":false},"featured_media":3326,"comment_status":"open","ping_status":"closed","template":"","meta":{"om_disable_all_campaigns":false,"_monsterinsights_skip_tracking":false,"_monsterinsights_sitenote_active":false,"_monsterinsights_sitenote_note":"","_monsterinsights_sitenote_category":0},"product_brand":[],"product_cat":[533,514],"product_tag":[534,536,537,535],"class_list":{"0":"post-2831","1":"product","2":"type-product","3":"status-publish","4":"has-post-thumbnail","6":"product_cat-cinar-kanun","7":"product_cat-genel","8":"product_tag-kahverengi-kanun","9":"product_tag-kanun-imalati","10":"product_tag-klasik-abanoz-kanun","11":"product_tag-saglam-muzik","13":"first","14":"instock","15":"featured","16":"shipping-taxable","17":"purchasable","18":"product-type-simple","19":"prodpage-style2"},"aioseo_notices":[],"_links":{"self":[{"href":"https:\/\/mustafasaglamkanunlari.com\/index.php?rest_route=\/wp\/v2\/product\/2831","targetHints":{"allow":["GET"]}}],"collection":[{"href":"https:\/\/mustafasaglamkanunlari.com\/index.php?rest_route=\/wp\/v2\/product"}],"about":[{"href":"https:\/\/mustafasaglamkanunlari.com\/index.php?rest_route=\/wp\/v2\/types\/product"}],"replies":[{"embeddable":true,"href":"https:\/\/mustafasaglamkanunlari.com\/index.php?rest_route=%2Fwp%2Fv2%2Fcomments&post=2831"}],"wp:featuredmedia":[{"embeddable":true,"href":"https:\/\/mustafasaglamkanunlari.com\/index.php?rest_route=\/wp\/v2\/media\/3326"}],"wp:attachment":[{"href":"https:\/\/mustafasaglamkanunlari.com\/index.php?rest_route=%2Fwp%2Fv2%2Fmedia&parent=2831"}],"wp:term":[{"taxonomy":"product_brand","embeddable":true,"href":"https:\/\/mustafasaglamkanunlari.com\/index.php?rest_route=%2Fwp%2Fv2%2Fproduct_brand&post=2831"},{"taxonomy":"product_cat","embeddable":true,"href":"https:\/\/mustafasaglamkanunlari.com\/index.php?rest_route=%2Fwp%2Fv2%2Fproduct_cat&post=2831"},{"taxonomy":"product_tag","embeddable":true,"href":"https:\/\/mustafasaglamkanunlari.com\/index.php?rest_route=%2Fwp%2Fv2%2Fproduct_tag&post=2831"}],"curies":[{"name":"wp","href":"https:\/\/api.w.org\/{rel}","templated":true}]}}