{"id":3173,"date":"2024-01-30T22:19:55","date_gmt":"2024-01-30T19:19:55","guid":{"rendered":"https:\/\/mustafasaglamkanunlari.com\/?post_type=product&#038;p=3173"},"modified":"2026-02-13T13:41:11","modified_gmt":"2026-02-13T10:41:11","slug":"kismi-ve-tam-sedef-kanun","status":"publish","type":"product","link":"https:\/\/mustafasaglamkanunlari.com\/?product=kismi-ve-tam-sedef-kanun","title":{"rendered":"K\u0131smi Sedef Kanun"},"content":{"rendered":"<p>Kanun \u00e7\u0131nar a\u011fac\u0131ndan imal edilmi\u015ftir.<\/p>\n<p>Mandallar \u00f6zel ala\u015f\u0131m \u00fczerine krom kaplama yap\u0131larak imal edilmi\u015ftir (Kendi imalat\u0131m\u0131z).<\/p>\n<p>Burgular k\u0131z\u0131lc\u0131k a\u011fac\u0131ndan imal edilmi\u015ftir.<\/p>\n<p>Telleri y\u00fcksek kalite PVF&#8217;dir.<\/p>\n<p>Suni deri kullan\u0131larak imal edilmektedir. (Patlama ve y\u0131rt\u0131lmalara ka\u015f\u0131 daha diren\u00e7lidir)<\/p>\n<p>E\u015fiklerimiz ak\u00e7a a\u011fa\u00e7tan imal edilmi\u015ftir.<\/p>\n<p>Kanunlar\u0131m\u0131z \u00fcretim hatalar\u0131na kar\u015f\u0131 1 y\u0131l garantilidir.<\/p>\n<p>Kullan\u0131c\u0131 kaynakl\u0131 olu\u015fabilecek hasarlar \u00fccreti kar\u015f\u0131l\u0131\u011f\u0131nda at\u00f6lyelerimizde yap\u0131labilmektedir.<\/p>\n<p>Kanunlar\u0131m\u0131z y\u00fcz\u00fck, m\u0131zrap, akord anahtar\u0131 ve hard case ile fiyata dahil olarak g\u00f6nderilmektedir.<\/p>\n<p>\u00dcr\u00fcnlerimiz T\u00fcrkiye i\u00e7ine \u00fccretsiz olarak g\u00f6nderilmektedir.<\/p>\n<p>Yurtd\u0131\u015f\u0131 al\u0131mlarda DHL h\u0131zl\u0131 teslimat veya PTT ile art\u0131 kargo \u00fccreti olarak g\u00f6nderim yap\u0131lmaktad\u0131r.<\/p>\n<p>Fiyatlar\u0131m\u0131za KDV dahildir.<\/p>\n<p>&nbsp;<\/p>\n","protected":false},"excerpt":{"rendered":"<p><strong><em>Bu \u00fcr\u00fcn\u00fcn teslimat s\u00fcresi 5-7 g\u00fcnd\u00fcr.<\/em><\/strong><\/p>\n","protected":false},"featured_media":3330,"comment_status":"open","ping_status":"closed","template":"","meta":{"om_disable_all_campaigns":false,"_monsterinsights_skip_tracking":false,"_monsterinsights_sitenote_active":false,"_monsterinsights_sitenote_note":"","_monsterinsights_sitenote_category":0},"product_brand":[],"product_cat":[533,514,532],"product_tag":[536,561,535,554],"class_list":{"0":"post-3173","1":"product","2":"type-product","3":"status-publish","4":"has-post-thumbnail","6":"product_cat-cinar-kanun","7":"product_cat-genel","8":"product_cat-siyah-kanun","9":"product_tag-kanun-imalati","10":"product_tag-kismi-ve-tama-sedef-kanun","11":"product_tag-saglam-muzik","12":"product_tag-siyah-kanun","14":"first","15":"instock","16":"featured","17":"shipping-taxable","18":"purchasable","19":"product-type-simple","20":"prodpage-style2"},"aioseo_notices":[],"_links":{"self":[{"href":"https:\/\/mustafasaglamkanunlari.com\/index.php?rest_route=\/wp\/v2\/product\/3173","targetHints":{"allow":["GET"]}}],"collection":[{"href":"https:\/\/mustafasaglamkanunlari.com\/index.php?rest_route=\/wp\/v2\/product"}],"about":[{"href":"https:\/\/mustafasaglamkanunlari.com\/index.php?rest_route=\/wp\/v2\/types\/product"}],"replies":[{"embeddable":true,"href":"https:\/\/mustafasaglamkanunlari.com\/index.php?rest_route=%2Fwp%2Fv2%2Fcomments&post=3173"}],"wp:featuredmedia":[{"embeddable":true,"href":"https:\/\/mustafasaglamkanunlari.com\/index.php?rest_route=\/wp\/v2\/media\/3330"}],"wp:attachment":[{"href":"https:\/\/mustafasaglamkanunlari.com\/index.php?rest_route=%2Fwp%2Fv2%2Fmedia&parent=3173"}],"wp:term":[{"taxonomy":"product_brand","embeddable":true,"href":"https:\/\/mustafasaglamkanunlari.com\/index.php?rest_route=%2Fwp%2Fv2%2Fproduct_brand&post=3173"},{"taxonomy":"product_cat","embeddable":true,"href":"https:\/\/mustafasaglamkanunlari.com\/index.php?rest_route=%2Fwp%2Fv2%2Fproduct_cat&post=3173"},{"taxonomy":"product_tag","embeddable":true,"href":"https:\/\/mustafasaglamkanunlari.com\/index.php?rest_route=%2Fwp%2Fv2%2Fproduct_tag&post=3173"}],"curies":[{"name":"wp","href":"https:\/\/api.w.org\/{rel}","templated":true}]}}